{"id":16252,"date":"2026-02-17T12:39:45","date_gmt":"2026-02-17T11:39:45","guid":{"rendered":"https:\/\/www.exactaspa.it\/?page_id=16252"},"modified":"2026-02-17T12:39:50","modified_gmt":"2026-02-17T11:39:50","slug":"informativa-agli-utenti-del-sito-ai-sensi-dellart-13-del-re-ue-2016-679-gdpr","status":"publish","type":"page","link":"https:\/\/www.exactaspa.it\/index.php\/informativa-agli-utenti-del-sito-ai-sensi-dellart-13-del-re-ue-2016-679-gdpr\/","title":{"rendered":"INFORMATIVA AGLI UTENTI DEL SITO ai sensi dell&#8217;art. 13 del Re. UE 2016\/679 &#8211; GDPR"},"content":{"rendered":"\n<p><strong>Exacta S.p.A.<\/strong><br>Via Torino, 10\/B<br>12084 Mondov\u00ec (CN)<br>Partita Iva: 02963720046<br>Codice Fiscale: 02963720046<\/p>\n\n\n\n<p><strong>Dati raccolti presso l\u2019interessato<\/strong><\/p>\n\n\n\n<p>Gentile interessato,<br>con la presente desideriamo informarLa su come i Suoi dati personali saranno eventualmente raccolti e trattati durante la navigazione sul sito, nonch\u00e9 fornirLe ogni informazione utile a facilitare il contatto e l\u2019interazione con i nostri uffici.<\/p>\n\n\n\n<p><strong>Titolare del trattamento<\/strong><br>Il titolare del trattamento \u00e8 Exacta S.p.A..<br>I dati di contatto sono i seguenti:<br>Telefono: 0174 673500<br>Mail: <a href=\"mailto:affarigenerali@exactaspa.it\">affarigenerali@exactaspa.it<\/a><br>Sito Web: <a href=\"https:\/\/www.exactaspa.it\">www.exactaspa.it<\/a><\/p>\n\n\n\n<p><strong>Responsabile della protezione dei dati \u2013 Data Protection Officer<\/strong><br>Il nostro responsabile della protezione dei dati \u00e8 Avv. Tassone Lorenzo.<br>I dati di contatto sono i seguenti:<br>Telefono: 0171691181<br>Mail: <a href=\"mailto:dpo@exactaspa.it\">dpo@exactaspa.it<\/a><\/p>\n\n\n\n<p><strong>Trattamento dei dati personali<\/strong><br>In questa pagina si descrivono le modalit\u00e0 di trattamento dei dati personali degli utenti che navigano o interagiscono con i servizi web sul sito di Exacta S.p.A..<br>L&#8217;informativa \u00e8 resa solo per il presente sito e non anche per altri siti web esterni eventualmente consultati dall&#8217;utente tramite link.<br>Ai sensi dell\u2019art. 13 del Reg. UE 2016\/679 \u2013 GDPR, Le forniamo le seguenti informazioni:<\/p>\n\n\n\n<p><strong>Dati di navigazione<\/strong><br>Il Suo provider, i sistemi informatici e le procedure software preposte al funzionamento di questo sito web acquisiscono, nel corso del loro normale esercizio, alcuni dati personali la cui trasmissione \u00e8 implicita nell&#8217;uso dei protocolli di comunicazione di Internet.<br>Si tratta di informazioni che non sono raccolte per essere associate a interessati identificati, ma che per loro stessa natura potrebbero, attraverso elaborazioni e associazioni con dati detenuti da terzi, permettere di identificare gli utenti.<\/p>\n\n\n\n<p>In questa categoria di dati rientrano gli indirizzi IP o i nomi a dominio dei computer utilizzati dagli utenti che si connettono al sito, gli indirizzi in notazione URI (Uniform Resource Identifier) delle risorse richieste, l&#8217;orario della richiesta, il metodo utilizzato nel sottoporre la richiesta al server, la dimensione del file ottenuto in risposta, il codice numerico indicante lo stato della risposta data dal server (buon fine, errore, ecc.) e altri parametri relativi al sistema operativo e all&#8217;ambiente informatico dell&#8217;utente.<br>Questi dati vengono utilizzati al solo fine di permettere il corretto funzionamento del sito e potrebbero essere utilizzati per la risoluzione di anomalie, malfunzionamenti e\/o per l&#8217;accertamento di responsabilit\u00e0 in caso di ipotetici reati informatici ai danni del sito.<\/p>\n\n\n\n<p>Dati forniti volontariamente dall&#8217;utente<br>L&#8217;invio facoltativo, esplicito e volontario di posta elettronica agli indirizzi indicati su questo sito comporta la successiva acquisizione dell&#8217;indirizzo del mittente, necessario per rispondere alle richieste, nonch\u00e9 degli eventuali altri dati personali inseriti nella missiva.<br>Nelle pagine del sito ove sono previste specifiche raccolte di dati personali sono consultabili le relative informative dettagliate.<br>I dati personali saranno trattati esclusivamente per le finalit\u00e0 dichiarate, escludendo, pertanto, ogni altro diverso utilizzo. Il trattamento delle informazioni che La riguardano sar\u00e0 improntato ai principi di correttezza, liceit\u00e0, trasparenza e di tutela della riservatezza e potrebbero essere trattati e conservati sia con strumenti informatici che con modalit\u00e0 cartacee per il tempo strettamente necessario a conseguire gli scopi per cui sono stati raccolti.<\/p>\n\n\n\n<p>Specifiche misure di sicurezza sono osservate per prevenire la perdita dei dati, usi illeciti o non corretti e accessi non autorizzati.<br>L\u2019eventuale conferimento dei dati \u00e8 facoltativo, tuttavia, il rifiuto a fornire i dati personali pertinenti allo scopo della raccolta potrebbe rendere impossibile l\u2019ottenimento di quanto richiesto.<br>Gli eventuali trattamenti connessi ai servizi web di questo sito sono curati dai nostri incaricati del trattamento e da terzi che agiscono in qualit\u00e0 di responsabili del trattamento (es. hosting provider) o di titolari di autonomo trattamento (es. fornitori di servizi di pagamento on line).<br>I Suoi dati personali non saranno in ogni caso soggetti a diffusione se non dietro specifico consenso.<\/p>\n\n\n\n<p><strong>Utilizzo dei cookie<\/strong><br>I cookie utilizzati nel sito Internet di Exacta S.p.A. sono analiticamente descritti nel banner che si presenta al primo accesso dell\u2019utente, oppure cliccando il link \u201cGestione Consensi\u201d situato nel footer di tutte le pagine.<br>I link eventualmente contenuti in alcune delle nostre pagine portano su siti terzi che potrebbero utilizzare cookie di varia natura; Vi invitiamo pertanto a prendere visione delle relative informative presenti su tali siti e a esprimere i consensi richiesti.<br>La gestione di ogni singolo cookie \u00e8 affidata all\u2019utente che, manualmente o tramite i settaggi automatici del proprio browser, pu\u00f2 decidere quali cookie accettare, con possibilit\u00e0 di eliminare in qualsiasi momento alcuni o tutti i cookie presenti sulla propria postazione di navigazione.<br>Per agevolare l\u2019impostazione e la gestione dei settaggi relativi ai cookie, si riportano di seguito i principali browser e gli analoghi link alle istruzioni necessarie per le impostazioni dei cookie (i link elencati riportano a pagine esterne al nostro sito, manutenute e aggiornate direttamente dai correlativi produttori del software di navigazione).<\/p>\n\n\n\n<p><\/p>\n\n\n\n<p><strong>Google Chrome<\/strong> <a href=\"https:\/\/support.google.com\/accounts\/answer\/61416?hl=it\">https:\/\/support.google.com\/accounts\/answer\/61416?hl=it<\/a><\/p>\n\n\n\n<p><strong>Microsoft Edge<\/strong> <a href=\"https:\/\/support.microsoft.com\/it-it\/microsoft-edge\/eliminare-i-cookie-in-microsoft-edge-63947406-40ac-c3b8-57b9-2a946a29ae09\">https:\/\/support.microsoft.com\/it-it\/microsoft-edge\/eliminare-i-cookie-in-microsoft-edge-63947406-40ac-c3b8-57b9-2a946a29ae09<\/a><\/p>\n\n\n\n<p><strong>Mozilla Firefox<\/strong> <a href=\"https:\/\/support.mozilla.org\/it\/kb\/Attivare%20e%20disattivare%20i%20cookie\">https:\/\/support.mozilla.org\/it\/kb\/Attivare%20e%20disattivare%20i%20cookie<\/a><\/p>\n\n\n\n<p><strong>Opera<\/strong> <a href=\"https:\/\/help.opera.com\/en\/latest\/web-preferences\/\">https:\/\/help.opera.com\/en\/latest\/web-preferences\/<\/a><\/p>\n\n\n\n<p><strong>Safari (Apple)<\/strong> <a href=\"https:\/\/support.apple.com\/it-it\/guide\/safari\/sfri11471\/mac\">https:\/\/support.apple.com\/it-it\/guide\/safari\/sfri11471\/mac<\/a><\/p>\n\n\n\n<p>Un ulteriore aiuto nella gestione dei cookie pu\u00f2 derivare dall\u2019utilizzo di servizi automatizzati tipo quelli offerti dal sito <a href=\"http:\/\/www.youronlinechoices.com\/it\/\">http:\/\/www.youronlinechoices.com\/it\/<\/a> oppure attraverso l\u2019estensione Ghostery.<br>Tutti i link riportati nel presente documento sono stati inseriti da Exacta S.p.A. per agevolare l\u2019utente e periodicamente verificati. Qualora un link sia non funzionante o non valido, sar\u00e0 cura dell\u2019utente seguire le istruzioni visualizzate per reperire le informazioni corrette; in questo caso saremmo grati se ce ne fosse data notizia al fine di permetterci un aggiornamento costante del documento.<br>In qualit\u00e0 di interessato ha il diritto di ottenere l&#8217;accesso ai propri dati personali e la rettifica o la cancellazione degli stessi o la limitazione del trattamento che lo riguarda o di opporsi al trattamento (artt. 15 e ss. del Regolamento UE 2016\/679 GDPR &#8211; copia degli articoli e apposita istanza possono essere richiesti ai recapiti sopra indicati oppure reperiti ai relativi link).<br>Nel caso ritenesse che il trattamento violi quanto previsto dalla normativa vigente sulla protezione dei dati personali pu\u00f2 proporre reclamo all\u2019Autorit\u00e0 di controllo, come previsto dall&#8217;art. 77 GDPR, o adire le opportune sedi giudiziarie.<\/p>\n\n\n\n<p>Qualora la base giuridica del trattamento sia il Suo consenso, Le ricordiamo che ha diritto a revocarlo in qualsiasi momento attraverso i contatti sopra riportati. Tuttavia, i trattamenti pregressi, effettuati in costanza del consenso prestato, e i relativi effetti giuridici, rimarranno validi anche dopo l\u2019eventuale revoca del consenso.<br>Il titolare si riserva il diritto di modificare, aggiornare, aggiungere o rimuovere parti della presente informativa sulla privacy. Al fine di facilitare la verifica, al fondo dell\u2019informativa fornita \u00e8 riportata la data di aggiornamento.<br>Per eventuali ulteriori informazioni pu\u00f2 contattarci ai riferimenti indicati nell\u2019informativa.<\/p>\n\n\n\n<p><\/p>\n\n\n\n<p>Il Titolare del trattamento<br>Exacta S.p.A.<\/p>\n\n\n\n<p><\/p>\n","protected":false},"excerpt":{"rendered":"<p>Exacta S.p.A.Via Torino, 10\/B12084 Mondov\u00ec (CN)Partita Iva: 02963720046Codice Fiscale: 02963720046 Dati raccolti presso l\u2019interessato Gentile interessato,con la presente desideriamo informarLa su come i Suoi dati personali saranno eventualmente raccolti e trattati durante la navigazione sul sito, nonch\u00e9 fornirLe ogni informazione utile a facilitare il contatto e l\u2019interazione con i nostri uffici. Titolare del trattamentoIl titolare [&hellip;]<\/p>\n","protected":false},"author":3,"featured_media":0,"parent":0,"menu_order":0,"comment_status":"closed","ping_status":"closed","template":"","meta":{"_monsterinsights_skip_tracking":false,"_monsterinsights_sitenote_active":false,"_monsterinsights_sitenote_note":"","_monsterinsights_sitenote_category":0,"footnotes":""},"class_list":["post-16252","page","type-page","status-publish","hentry"],"_links":{"self":[{"href":"https:\/\/www.exactaspa.it\/index.php\/wp-json\/wp\/v2\/pages\/16252","targetHints":{"allow":["GET"]}}],"collection":[{"href":"https:\/\/www.exactaspa.it\/index.php\/wp-json\/wp\/v2\/pages"}],"about":[{"href":"https:\/\/www.exactaspa.it\/index.php\/wp-json\/wp\/v2\/types\/page"}],"author":[{"embeddable":true,"href":"https:\/\/www.exactaspa.it\/index.php\/wp-json\/wp\/v2\/users\/3"}],"replies":[{"embeddable":true,"href":"https:\/\/www.exactaspa.it\/index.php\/wp-json\/wp\/v2\/comments?post=16252"}],"version-history":[{"count":1,"href":"https:\/\/www.exactaspa.it\/index.php\/wp-json\/wp\/v2\/pages\/16252\/revisions"}],"predecessor-version":[{"id":16253,"href":"https:\/\/www.exactaspa.it\/index.php\/wp-json\/wp\/v2\/pages\/16252\/revisions\/16253"}],"wp:attachment":[{"href":"https:\/\/www.exactaspa.it\/index.php\/wp-json\/wp\/v2\/media?parent=16252"}],"curies":[{"name":"wp","href":"https:\/\/api.w.org\/{rel}","templated":true}]}}